{"id":1745,"date":"2021-04-03T21:35:56","date_gmt":"2021-04-03T21:35:56","guid":{"rendered":"https:\/\/diyreno.ca\/?page_id=1745"},"modified":"2024-02-17T23:35:31","modified_gmt":"2024-02-17T23:35:31","slug":"about","status":"publish","type":"page","link":"https:\/\/diyreno.ca\/fr\/about\/","title":{"rendered":"\u00c0 Propos"},"content":{"rendered":"<div data-elementor-type=\"wp-page\" data-elementor-id=\"1745\" class=\"elementor elementor-1745\">\n\t\t\t\t\t\t<section class=\"elementor-section elementor-top-section elementor-element elementor-element-9f86ffc elementor-section-full_width elementor-section-height-default elementor-section-height-default\" data-id=\"9f86ffc\" data-element_type=\"section\">\n\t\t\t\t\t\t<div class=\"elementor-container elementor-column-gap-no\">\n\t\t\t\t\t<div class=\"elementor-column elementor-col-100 elementor-top-column elementor-element elementor-element-b2bec3f\" data-id=\"b2bec3f\" data-element_type=\"column\">\n\t\t\t<div class=\"elementor-widget-wrap elementor-element-populated\">\n\t\t\t\t\t\t<div class=\"elementor-element elementor-element-27fa0c1 elementor-widget elementor-widget-ideapark-page-header\" data-id=\"27fa0c1\" data-element_type=\"widget\" data-widget_type=\"ideapark-page-header.default\">\n\t\t\t\t<div class=\"elementor-widget-container\">\n\t\t\t\n\t<header\n\t\tclass=\"l-section c-page-header c-page-header--header-type-1\">\n\t\t\t\t<div class=\"c-page-header__shadow\"><\/div>\n\t\t<svg class=\"c-page-header__bar\" xmlns=\"http:\/\/www.w3.org\/2000\/svg\" width=\"488\" height=\"25\" fill=\"inherit\" viewbox=\"0 0 487 25\"><path fill-rule=\"evenodd\" d=\"M474.791 25h-1.664L486.334-.004H488L474.791 25zm-10.222 0l13.21-25.004h1.666L466.235 25h-1.666zm-8.554 0L469.223-.004h1.664L457.68 25h-1.665zm-8.557 0L460.669-.004h1.664L449.123 25h-1.665zm-8.554 0l13.21-25.004h1.666L440.569 25h-1.665zm-8.558 0l13.21-25.004h1.666L432.012 25h-1.666zm-8.554 0l13.21-25.004h1.666L423.457 25h-1.665zm-8.554 0L426.445-.004h1.665L414.903 25h-1.665zm-8.558 0L417.891-.004h1.665L406.345 25h-1.665zm-8.553 0L409.333-.004h1.666L397.791 25h-1.664zm-8.558 0l13.21-25.004h1.665L389.234 25h-1.665zm-8.554 0L392.226-.004h1.665L380.681 25h-1.666zm-8.558 0l13.21-25.004h1.666L372.122 25h-1.665zm-8.553 0l13.21-25.004h1.665L363.569 25h-1.665zm-9.174 0L365.937-.004h1.665L354.394 25h-1.664zm-8.558 0l13.21-25.004h1.666L345.837 25h-1.665zm-8.554 0L348.826-.004h1.664L337.283 25h-1.665zm-8.557 0L340.272-.004h1.664L328.726 25h-1.665zm-8.554 0l13.21-25.004h1.666L320.172 25h-1.665zm-8.559 0L323.159-.004h1.666L311.615 25h-1.667zm-8.553 0l13.21-25.004h1.666L303.06 25h-1.665zm-8.554 0L306.048-.004h1.665L294.506 25h-1.665zm-8.558 0L297.494-.004h1.665L285.948 25h-1.665zm-8.553 0L288.936-.004h1.666L277.394 25h-1.664zm-8.558 0l13.21-25.004h1.665L268.837 25h-1.665zm-8.554 0L271.829-.004h1.665L260.283 25h-1.665zm-8.558 0L263.27-.004h1.666L251.725 25h-1.665zm-8.553 0l13.21-25.004h1.665L243.172 25h-1.665zm-9.886 0L244.828-.004h1.665L233.284 25h-1.663zm-8.559 0L236.273-.004h1.666L224.728 25h-1.666zm-8.554 0L227.716-.004h1.665L216.174 25h-1.666zm-8.556 0l13.21-25.004h1.665L207.617 25h-1.665zm-8.555 0l13.21-25.004h1.666L199.062 25h-1.665zm-8.558 0L202.05-.004h1.665L190.505 25h-1.666zm-8.553 0l13.21-25.004h1.665L181.951 25h-1.665zm-8.555 0L184.939-.004h1.664L173.397 25h-1.666zm-8.557 0L176.385-.004h1.664L164.839 25h-1.665zm-8.554 0L167.827-.004h1.665L156.285 25h-1.665zm-8.558 0l13.21-25.004h1.666L147.728 25h-1.666zm-8.554 0L150.719-.004h1.665L139.174 25h-1.666zm-8.557 0l13.21-25.004h1.666L130.615 25h-1.664zm-8.554 0L133.608-.004h1.664L122.062 25h-1.665zm-9.174 0L124.431-.004h1.665L112.887 25h-1.664zm-8.558 0L115.876-.004h1.666L104.331 25h-1.666zm-8.554 0L107.319-.004h1.665L95.777 25h-1.666zm-8.556 0L98.765-.004h1.665L87.219 25h-1.664zM77 25L90.21-.004h1.666L78.665 25H77zm-8.558 0L81.653-.004h1.665L70.108 25h-1.666zm-8.554 0L73.099-.004h1.665L61.554 25h-1.666zm-8.554 0L64.541-.004h1.665L53 25h-1.666zm-8.557 0L55.988-.004h1.664L44.442 25h-1.665zm-8.554 0L47.43-.004h1.665L35.888 25h-1.665zm-8.558 0L38.875-.004h1.666L27.331 25h-1.666zm-8.554 0L30.322-.004h1.665L18.777 25h-1.666zm-8.557 0L21.764-.004h1.666L10.218 25H8.554zM0 25L13.21-.004h1.665L1.665 25H0z\"\/><\/svg>\t\t<div\n\t\t\tclass=\"c-page-header__wrap\">\n\t\t\t\t\t\t\t\t\t\t\t\t\t\t\t<h1 class=\"l-section__container c-page-header__title\">\u00c0 Propos<\/h1>\n\t\t\t\t\t\t\t\t\t\t\t\t\t\t<nav aria-label=\"breadcrumbs\" class=\"rank-math-breadcrumb c-breadcrumbs\"><ul class=\"c-breadcrumbs__list\"><li class=\"c-breadcrumbs__item c-breadcrumbs__item--wc\"><span class=\"last\">Accueil<\/span><\/li><\/ul><\/nav>\t\t\t\n\t\t\t\n\t\t\t\t\t<\/div>\n\t<\/header>\n\t\t<\/div>\n\t\t\t\t<\/div>\n\t\t\t\t\t<\/div>\n\t\t<\/div>\n\t\t\t\t\t<\/div>\n\t\t<\/section>\n\t\t\t\t<section class=\"elementor-section elementor-top-section elementor-element elementor-element-04c7f60 elementor-section-boxed elementor-section-height-default elementor-section-height-default\" data-id=\"04c7f60\" data-element_type=\"section\" data-settings=\"{&quot;background_background&quot;:&quot;classic&quot;}\">\n\t\t\t\t\t\t<div class=\"elementor-container elementor-column-gap-default\">\n\t\t\t\t\t<div class=\"elementor-column elementor-col-50 elementor-top-column elementor-element elementor-element-d3f6328\" data-id=\"d3f6328\" data-element_type=\"column\">\n\t\t\t<div class=\"elementor-widget-wrap elementor-element-populated\">\n\t\t\t\t\t\t<div class=\"elementor-element elementor-element-e194686 elementor-invisible elementor-widget elementor-widget-image\" data-id=\"e194686\" data-element_type=\"widget\" data-settings=\"{&quot;_animation&quot;:&quot;zoomIn&quot;}\" data-widget_type=\"image.default\">\n\t\t\t\t<div class=\"elementor-widget-container\">\n\t\t\t\t\t\t\t\t\t\t\t\t\t<img fetchpriority=\"high\" decoding=\"async\" width=\"750\" height=\"500\" src=\"https:\/\/diyreno.ca\/wp-content\/uploads\/2024\/02\/Painting750x422-min.jpg\" class=\"attachment-large size-large wp-image-3277\" alt=\"About Us. Tool Rental Equipment\" srcset=\"https:\/\/diyreno.ca\/wp-content\/uploads\/2024\/02\/Painting750x422-min.jpg 750w, https:\/\/diyreno.ca\/wp-content\/uploads\/2024\/02\/Painting750x422-min-360x240.jpg 360w\" sizes=\"(max-width: 750px) 100vw, 750px\" \/>\t\t\t\t\t\t\t\t\t\t\t\t\t<\/div>\n\t\t\t\t<\/div>\n\t\t\t\t\t<\/div>\n\t\t<\/div>\n\t\t\t\t<div class=\"elementor-column elementor-col-50 elementor-top-column elementor-element elementor-element-b02c950\" data-id=\"b02c950\" data-element_type=\"column\">\n\t\t\t<div class=\"elementor-widget-wrap elementor-element-populated\">\n\t\t\t\t\t\t<section class=\"elementor-section elementor-inner-section elementor-element elementor-element-2d4a70f elementor-section-boxed elementor-section-height-default elementor-section-height-default\" data-id=\"2d4a70f\" data-element_type=\"section\">\n\t\t\t\t\t\t<div class=\"elementor-container elementor-column-gap-no\">\n\t\t\t\t\t<div class=\"elementor-column elementor-col-100 elementor-inner-column elementor-element elementor-element-5fe3878\" data-id=\"5fe3878\" data-element_type=\"column\">\n\t\t\t<div class=\"elementor-widget-wrap elementor-element-populated\">\n\t\t\t\t\t\t<div class=\"elementor-element elementor-element-3b0f389 elementor-widget elementor-widget-ideapark-heading\" data-id=\"3b0f389\" data-element_type=\"widget\" data-widget_type=\"ideapark-heading.default\">\n\t\t\t\t<div class=\"elementor-widget-container\">\n\t\t\t<div class=\"c-ip-heading c-ip-heading--default c-ip-heading--left c-ip-heading--mobile-left c-ip-heading--block-align-center\"><span class=\"c-ip-heading__inner\">\u00c0 propos de DIYRENO location kits d'outilages<\/span><\/div>\t\t<\/div>\n\t\t\t\t<\/div>\n\t\t\t\t<div class=\"elementor-element elementor-element-b484eba elementor-widget elementor-widget-ideapark-heading\" data-id=\"b484eba\" data-element_type=\"widget\" data-widget_type=\"ideapark-heading.default\">\n\t\t\t\t<div class=\"elementor-widget-container\">\n\t\t\t<div class=\"c-ip-heading c-ip-heading--large c-ip-heading--left c-ip-heading--block-align-center\"><span class=\"c-ip-heading__inner\">Nous offrons plus facilement<br \/>\nun acc\u00e8s abordable d'outils<br \/>\nde r\u00e9novation en un seul kit<\/span><div class=\"c-ip-heading__divider c-ip-heading__divider--large\"><i class=\"ip-decor\"><\/i><\/div><\/div>\t\t<\/div>\n\t\t\t\t<\/div>\n\t\t\t\t\t<\/div>\n\t\t<\/div>\n\t\t\t\t\t<\/div>\n\t\t<\/section>\n\t\t\t\t\t<\/div>\n\t\t<\/div>\n\t\t\t\t\t<\/div>\n\t\t<\/section>\n\t\t<div class=\"elementor-element elementor-element-bd41827 e-flex e-con-boxed e-con e-parent\" data-id=\"bd41827\" data-element_type=\"container\">\n\t\t\t\t\t<div class=\"e-con-inner\">\n\t\t\t\t<div class=\"elementor-element elementor-element-5279035 elementor-widget elementor-widget-text-editor\" data-id=\"5279035\" data-element_type=\"widget\" data-widget_type=\"text-editor.default\">\n\t\t\t\t<div class=\"elementor-widget-container\">\n\t\t\t\t\t\t\t<p>Travaillant dans le domaine de la r\u00e9novation depuis plus de 25 ans, nous sommes conscients du fait que les DIYer ont besoin d'un ensemble d'outils pour mener \u00e0 bien leurs projets sp\u00e9cifiques. Il est d\u00e9j\u00e0 difficile de rassembler tous les outils et il est souvent frustrant d'accomplir ses t\u00e2ches parce que les gens manquent souvent le bon outil pour accomplir leurs t\u00e2ches.<\/p><p>Le nombre de projets en r\u00e9novation a consid\u00e9rablement augment\u00e9 ces derni\u00e8res ann\u00e9es, les gens cherchant \u00e0 \u00e9conomiser de l'argent, \u00e0 personnaliser leur espace et \u00e0 acqu\u00e9rir de nouvelles comp\u00e9tences. Les projets peuvent aller de simples am\u00e9liorations de la maison, comme peindre une pi\u00e8ce ou construire un meuble, \u00e0 des r\u00e9novations et des r\u00e9parations plus complexes.<\/p><p><strong>\u00c9CONOMIES DE CO\u00dbTS<\/strong><\/p><p>L'un des principaux avantages des projets pour les DIYer est la r\u00e9duction des co\u00fbts. Embaucher des professionnels pour des projets de r\u00e9novation peut s'av\u00e9rer co\u00fbteux, c'est pourquoi de nombreuses personnes se tournent vers le DIY pour \u00e9conomiser de l'argent. En faisant le travail eux-m\u00eames, ils peuvent \u00e9viter les co\u00fbts de main-d'\u0153uvre et ne payer que les mat\u00e9riaux. En outre, les projets de r\u00e9novations permettent aux individus de personnaliser leur espace exactement comme ils le souhaitent, plut\u00f4t que de se contenter d'options g\u00e9n\u00e9riques provenant d'un magasin.<\/p><p><strong>FIERT\u00c9<\/strong><\/p><p>Outre les \u00e9conomies r\u00e9alis\u00e9es, les projets de DIY procurent \u00e9galement un sentiment d'accomplissement et de responsabilisation. Il y a une certaine satisfaction \u00e0 r\u00e9aliser un projet de ses propres mains et \u00e0 voir le r\u00e9sultat de ses efforts. Les projets de DIY sont \u00e9galement l'occasion d'acqu\u00e9rir de nouvelles comp\u00e9tences, qu'il s'agisse de menuiserie, de peinture, de plomberie ou d'\u00e9lectricit\u00e9. Cela peut s'av\u00e9rer non seulement pratique pour l'entretien de la maison, mais aussi un atout pr\u00e9cieux pour l'avenir.<\/p><p>Dans l'ensemble, le besoin de projets de DIY est motiv\u00e9 par une combinaison de raisons financi\u00e8res, cr\u00e9atives et d'\u00e9panouissement personnel. Comme les gens continuent \u00e0 chercher des moyens d'\u00e9conomiser de l'argent et d'exprimer leur individualit\u00e9, la popularit\u00e9 des projets de DIY est susceptible de cro\u00eetre encore davantage.<\/p>\t\t\t\t\t\t<\/div>\n\t\t\t\t<\/div>\n\t\t\t\t\t<\/div>\n\t\t\t\t<\/div>\n\t\t<div class=\"elementor-element elementor-element-fa24afb e-flex e-con-boxed e-con e-parent\" data-id=\"fa24afb\" data-element_type=\"container\">\n\t\t\t\t\t<div class=\"e-con-inner\">\n\t\t<div class=\"elementor-element elementor-element-25bcd7b e-con-full e-flex e-con e-child\" data-id=\"25bcd7b\" data-element_type=\"container\">\n\t\t\t\t<div class=\"elementor-element elementor-element-2387bfa elementor-widget elementor-widget-image\" data-id=\"2387bfa\" data-element_type=\"widget\" data-widget_type=\"image.default\">\n\t\t\t\t<div class=\"elementor-widget-container\">\n\t\t\t\t\t\t\t\t\t\t\t\t\t<img decoding=\"async\" width=\"100\" height=\"94\" src=\"https:\/\/diyreno.ca\/wp-content\/uploads\/2021\/03\/antek-1045877246.svg\" class=\"attachment-thumbnail size-thumbnail wp-image-953\" alt=\"Thumbs up\" \/>\t\t\t\t\t\t\t\t\t\t\t\t\t<\/div>\n\t\t\t\t<\/div>\n\t\t\t\t<\/div>\n\t\t<div class=\"elementor-element elementor-element-d206001 e-con-full e-flex e-con e-child\" data-id=\"d206001\" data-element_type=\"container\">\n\t\t\t\t<div class=\"elementor-element elementor-element-d827c3e elementor-widget elementor-widget-text-editor\" data-id=\"d827c3e\" data-element_type=\"widget\" data-widget_type=\"text-editor.default\">\n\t\t\t\t<div class=\"elementor-widget-container\">\n\t\t\t\t\t\t\t<h2>F\u00e9licitez-vous. Vous avez r\u00e9ussi !<\/h2><p>Montrez votre travail \u00e0 vos amis, \u00e0 votre famille et \u00e0 vos voisins.<\/p>\t\t\t\t\t\t<\/div>\n\t\t\t\t<\/div>\n\t\t\t\t<\/div>\n\t\t\t\t\t<\/div>\n\t\t\t\t<\/div>\n\t\t\t\t<\/div>","protected":false},"excerpt":{"rendered":"<p>About Us About DIYRENO Tool Trailer Rental We Offer Smarter &#038; More Affordable Access To Rent Renovation Tools in One Package As being in the Renovation fields for over 25 years, we acknowledge the fact that there is a need&hellip;<\/p>","protected":false},"author":1,"featured_media":0,"parent":0,"menu_order":0,"comment_status":"closed","ping_status":"closed","template":"elementor_header_footer","meta":{"footnotes":""},"class_list":["post-1745","page","type-page","status-publish","hentry"],"_links":{"self":[{"href":"https:\/\/diyreno.ca\/fr\/wp-json\/wp\/v2\/pages\/1745","targetHints":{"allow":["GET"]}}],"collection":[{"href":"https:\/\/diyreno.ca\/fr\/wp-json\/wp\/v2\/pages"}],"about":[{"href":"https:\/\/diyreno.ca\/fr\/wp-json\/wp\/v2\/types\/page"}],"author":[{"embeddable":true,"href":"https:\/\/diyreno.ca\/fr\/wp-json\/wp\/v2\/users\/1"}],"replies":[{"embeddable":true,"href":"https:\/\/diyreno.ca\/fr\/wp-json\/wp\/v2\/comments?post=1745"}],"version-history":[{"count":51,"href":"https:\/\/diyreno.ca\/fr\/wp-json\/wp\/v2\/pages\/1745\/revisions"}],"predecessor-version":[{"id":3337,"href":"https:\/\/diyreno.ca\/fr\/wp-json\/wp\/v2\/pages\/1745\/revisions\/3337"}],"wp:attachment":[{"href":"https:\/\/diyreno.ca\/fr\/wp-json\/wp\/v2\/media?parent=1745"}],"curies":[{"name":"wp","href":"https:\/\/api.w.org\/{rel}","templated":true}]}}