{"id":1766,"date":"2021-04-03T21:47:07","date_gmt":"2021-04-03T21:47:07","guid":{"rendered":"https:\/\/diyreno.ca\/?page_id=1766"},"modified":"2024-04-14T20:25:07","modified_gmt":"2024-04-14T20:25:07","slug":"faq","status":"publish","type":"page","link":"https:\/\/diyreno.ca\/fr\/faq\/","title":{"rendered":"Lisez les FAQs"},"content":{"rendered":"<div data-elementor-type=\"wp-page\" data-elementor-id=\"1766\" class=\"elementor elementor-1766\">\n\t\t\t\t\t\t<section class=\"elementor-section elementor-top-section elementor-element elementor-element-94b6305 elementor-section-full_width elementor-section-height-default elementor-section-height-default\" data-id=\"94b6305\" data-element_type=\"section\">\n\t\t\t\t\t\t<div class=\"elementor-container elementor-column-gap-no\">\n\t\t\t\t\t<div class=\"elementor-column elementor-col-100 elementor-top-column elementor-element elementor-element-d31ba39\" data-id=\"d31ba39\" data-element_type=\"column\">\n\t\t\t<div class=\"elementor-widget-wrap elementor-element-populated\">\n\t\t\t\t\t\t<div class=\"elementor-element elementor-element-6f61d66 elementor-widget elementor-widget-ideapark-page-header\" data-id=\"6f61d66\" data-element_type=\"widget\" data-widget_type=\"ideapark-page-header.default\">\n\t\t\t\t<div class=\"elementor-widget-container\">\n\t\t\t\n\t<header\n\t\tclass=\"l-section c-page-header c-page-header--header-type-1\">\n\t\t\t\t<div class=\"c-page-header__shadow\"><\/div>\n\t\t<svg class=\"c-page-header__bar\" xmlns=\"http:\/\/www.w3.org\/2000\/svg\" width=\"488\" height=\"25\" fill=\"inherit\" viewbox=\"0 0 487 25\"><path fill-rule=\"evenodd\" d=\"M474.791 25h-1.664L486.334-.004H488L474.791 25zm-10.222 0l13.21-25.004h1.666L466.235 25h-1.666zm-8.554 0L469.223-.004h1.664L457.68 25h-1.665zm-8.557 0L460.669-.004h1.664L449.123 25h-1.665zm-8.554 0l13.21-25.004h1.666L440.569 25h-1.665zm-8.558 0l13.21-25.004h1.666L432.012 25h-1.666zm-8.554 0l13.21-25.004h1.666L423.457 25h-1.665zm-8.554 0L426.445-.004h1.665L414.903 25h-1.665zm-8.558 0L417.891-.004h1.665L406.345 25h-1.665zm-8.553 0L409.333-.004h1.666L397.791 25h-1.664zm-8.558 0l13.21-25.004h1.665L389.234 25h-1.665zm-8.554 0L392.226-.004h1.665L380.681 25h-1.666zm-8.558 0l13.21-25.004h1.666L372.122 25h-1.665zm-8.553 0l13.21-25.004h1.665L363.569 25h-1.665zm-9.174 0L365.937-.004h1.665L354.394 25h-1.664zm-8.558 0l13.21-25.004h1.666L345.837 25h-1.665zm-8.554 0L348.826-.004h1.664L337.283 25h-1.665zm-8.557 0L340.272-.004h1.664L328.726 25h-1.665zm-8.554 0l13.21-25.004h1.666L320.172 25h-1.665zm-8.559 0L323.159-.004h1.666L311.615 25h-1.667zm-8.553 0l13.21-25.004h1.666L303.06 25h-1.665zm-8.554 0L306.048-.004h1.665L294.506 25h-1.665zm-8.558 0L297.494-.004h1.665L285.948 25h-1.665zm-8.553 0L288.936-.004h1.666L277.394 25h-1.664zm-8.558 0l13.21-25.004h1.665L268.837 25h-1.665zm-8.554 0L271.829-.004h1.665L260.283 25h-1.665zm-8.558 0L263.27-.004h1.666L251.725 25h-1.665zm-8.553 0l13.21-25.004h1.665L243.172 25h-1.665zm-9.886 0L244.828-.004h1.665L233.284 25h-1.663zm-8.559 0L236.273-.004h1.666L224.728 25h-1.666zm-8.554 0L227.716-.004h1.665L216.174 25h-1.666zm-8.556 0l13.21-25.004h1.665L207.617 25h-1.665zm-8.555 0l13.21-25.004h1.666L199.062 25h-1.665zm-8.558 0L202.05-.004h1.665L190.505 25h-1.666zm-8.553 0l13.21-25.004h1.665L181.951 25h-1.665zm-8.555 0L184.939-.004h1.664L173.397 25h-1.666zm-8.557 0L176.385-.004h1.664L164.839 25h-1.665zm-8.554 0L167.827-.004h1.665L156.285 25h-1.665zm-8.558 0l13.21-25.004h1.666L147.728 25h-1.666zm-8.554 0L150.719-.004h1.665L139.174 25h-1.666zm-8.557 0l13.21-25.004h1.666L130.615 25h-1.664zm-8.554 0L133.608-.004h1.664L122.062 25h-1.665zm-9.174 0L124.431-.004h1.665L112.887 25h-1.664zm-8.558 0L115.876-.004h1.666L104.331 25h-1.666zm-8.554 0L107.319-.004h1.665L95.777 25h-1.666zm-8.556 0L98.765-.004h1.665L87.219 25h-1.664zM77 25L90.21-.004h1.666L78.665 25H77zm-8.558 0L81.653-.004h1.665L70.108 25h-1.666zm-8.554 0L73.099-.004h1.665L61.554 25h-1.666zm-8.554 0L64.541-.004h1.665L53 25h-1.666zm-8.557 0L55.988-.004h1.664L44.442 25h-1.665zm-8.554 0L47.43-.004h1.665L35.888 25h-1.665zm-8.558 0L38.875-.004h1.666L27.331 25h-1.666zm-8.554 0L30.322-.004h1.665L18.777 25h-1.666zm-8.557 0L21.764-.004h1.666L10.218 25H8.554zM0 25L13.21-.004h1.665L1.665 25H0z\"\/><\/svg>\t\t<div\n\t\t\tclass=\"c-page-header__wrap\">\n\t\t\t\t\t\t\t\t\t\t\t\t\t\t\t<h1 class=\"l-section__container c-page-header__title\">Lisez les FAQs<\/h1>\n\t\t\t\t\t\t\t\t\t\t\t\t\t\t<nav aria-label=\"breadcrumbs\" class=\"rank-math-breadcrumb c-breadcrumbs\"><ul class=\"c-breadcrumbs__list\"><li class=\"c-breadcrumbs__item c-breadcrumbs__item--wc\"><span class=\"last\">Accueil<\/span><\/li><\/ul><\/nav>\t\t\t\n\t\t\t\n\t\t\t\t\t<\/div>\n\t<\/header>\n\t\t<\/div>\n\t\t\t\t<\/div>\n\t\t\t\t\t<\/div>\n\t\t<\/div>\n\t\t\t\t\t<\/div>\n\t\t<\/section>\n\t\t\t\t<section class=\"elementor-section elementor-top-section elementor-element elementor-element-57ee636 elementor-section-boxed elementor-section-height-default elementor-section-height-default\" data-id=\"57ee636\" data-element_type=\"section\">\n\t\t\t\t\t\t<div class=\"elementor-container elementor-column-gap-no\">\n\t\t\t\t\t<div class=\"elementor-column elementor-col-100 elementor-top-column elementor-element elementor-element-a1ce6d3\" data-id=\"a1ce6d3\" data-element_type=\"column\">\n\t\t\t<div class=\"elementor-widget-wrap elementor-element-populated\">\n\t\t\t\t\t\t<div class=\"elementor-element elementor-element-40393d6 elementor-widget elementor-widget-ideapark-accordion\" data-id=\"40393d6\" data-element_type=\"widget\" data-widget_type=\"ideapark-accordion.default\">\n\t\t\t\t<div class=\"elementor-widget-container\">\n\t\t\t\t\t<div class=\"c-ip-accordion\">\n\t\t\t<div class=\"c-ip-accordion__wrap\">\n\t\t\t\t<div class=\"c-ip-accordion__list\">\n\t\t\t\t\t\t\t\t\t\t\t<div class=\"c-ip-accordion__item\">\n\t\t\t\t\t\t\t<a class=\"c-ip-accordion__header js-accordion-title\" href=\"\" onclick=\"return false;\">Les outils seront-ils fonctionnels?<i class=\"ip-right-arrow c-ip-accordion__arrow\"><\/i><\/a>\t\t\t\t\t\t\t<div class=\"c-ip-accordion__content\"><p>L'entretien r\u00e9gulier de nos outils est essentiel pour garantir leur long\u00e9vit\u00e9, leur efficacit\u00e9 et leur s\u00e9curit\u00e9. Cet entretien comprend le nettoyage, la lubrification, l'aff\u00fbtage et le remplacement des pi\u00e8ces si n\u00e9cessaire. Notez \u00e9galement que certains outils seront neufs ou remplac\u00e9s et que d'autres seront en bon \u00e9tat de fonctionnement.<\/p><\/div>\t\t\t\t\t\t<\/div>\n\t\t\t\t\t\t\t\t\t\t\t<div class=\"c-ip-accordion__item\">\n\t\t\t\t\t\t\t<a class=\"c-ip-accordion__header js-accordion-title\" href=\"\" onclick=\"return false;\">Est-ce qu'il y a un GPS sur la remorque?<i class=\"ip-right-arrow c-ip-accordion__arrow\"><\/i><\/a>\t\t\t\t\t\t\t<div class=\"c-ip-accordion__content\"><p>Oui, il y a un suivi GPS et c'est pourquoi il est important que la remorque reste \u00e0 l'adresse de livraison indiqu\u00e9e sur le contrat. Si la remorque est d\u00e9plac\u00e9e pendant cette p\u00e9riode, le contrat prend fin sans remboursement et la remorque doit \u00eatre r\u00e9cup\u00e9r\u00e9e.<\/p><\/div>\t\t\t\t\t\t<\/div>\n\t\t\t\t\t\t\t\t\t\t\t<div class=\"c-ip-accordion__item\">\n\t\t\t\t\t\t\t<a class=\"c-ip-accordion__header js-accordion-title\" href=\"\" onclick=\"return false;\">Dois-je aller chercher moi-m\u00eame la remorque \u00e0 outils ou la faire livrer ?<i class=\"ip-right-arrow c-ip-accordion__arrow\"><\/i><\/a>\t\t\t\t\t\t\t<div class=\"c-ip-accordion__content\"><p>Malheureusement, \u00e0 l'heure actuelle, ils doivent \u00eatre livr\u00e9s. Aucun ramassage de la remorque ne sera accept\u00e9<\/p><\/div>\t\t\t\t\t\t<\/div>\n\t\t\t\t\t\t\t\t\t\t\t<div class=\"c-ip-accordion__item\">\n\t\t\t\t\t\t\t<a class=\"c-ip-accordion__header js-accordion-title\" href=\"\" onclick=\"return false;\">Est-ce que je peux d\u00e9placer la remorque a d'autres endroits durant le contrat?<i class=\"ip-right-arrow c-ip-accordion__arrow\"><\/i><\/a>\t\t\t\t\t\t\t<div class=\"c-ip-accordion__content\"><p>Les remorques sont suivies par GPS et doivent se trouver au lieu physique de l'adresse de livraison figurant sur le contrat. La remorque ne doit en aucun cas \u00eatre d\u00e9plac\u00e9e \u00e0 une autre adresse pendant la dur\u00e9e du celui-ci. Si un autre projet est n\u00e9cessaire, nous remplissons un autre contrat<\/p><\/div>\t\t\t\t\t\t<\/div>\n\t\t\t\t\t\t\t\t\t\t\t<div class=\"c-ip-accordion__item\">\n\t\t\t\t\t\t\t<a class=\"c-ip-accordion__header js-accordion-title\" href=\"\" onclick=\"return false;\">Que se passe-t-il si je brise accidentellement un outil ?<i class=\"ip-right-arrow c-ip-accordion__arrow\"><\/i><\/a>\t\t\t\t\t\t\t<div class=\"c-ip-accordion__content\"><p>Tous les outils seront test\u00e9s avec le client sur place avant de quitter votre site. Il incombe au locataire de les manipuler correctement. En cas de dommages, la soci\u00e9t\u00e9 de location devra \u00eatre rembours\u00e9e du co\u00fbt de l'outil. L'usure normale doit \u00eatre prise en compte, mais les chutes accidentelles ne sont pas couvertes. Sur la liste de contr\u00f4le de l'inspection, un montant en dollars est indiqu\u00e9 pour chaque outil.<\/p><\/div>\t\t\t\t\t\t<\/div>\n\t\t\t\t\t\t\t\t\t\t\t<div class=\"c-ip-accordion__item\">\n\t\t\t\t\t\t\t<a class=\"c-ip-accordion__header js-accordion-title\" href=\"\" onclick=\"return false;\">La remorque est-elle \u00e9quip\u00e9e de serrures ou de dispositifs de s\u00e9curit\u00e9 ?<i class=\"ip-right-arrow c-ip-accordion__arrow\"><\/i><\/a>\t\t\t\t\t\t\t<div class=\"c-ip-accordion__content\"><p>La remorque sera \u00e9quip\u00e9e d'une serrure de porte \u00e0 combinaison qui sera chang\u00e9e \u00e0 chaque location. Il y aura \u00e9galement un cadena sur les roues et des roues bloqu\u00e9es. La remorque est \u00e9galement suivie par GPS.<\/p><\/div>\t\t\t\t\t\t<\/div>\n\t\t\t\t\t\t\t\t\t\t\t<div class=\"c-ip-accordion__item\">\n\t\t\t\t\t\t\t<a class=\"c-ip-accordion__header js-accordion-title\" href=\"\" onclick=\"return false;\">Dois-je nettoyer les outils apr\u00e8s utilisation ?<i class=\"ip-right-arrow c-ip-accordion__arrow\"><\/i><\/a>\t\t\t\t\t\t\t<div class=\"c-ip-accordion__content\"><p>Oui, il est de la responsabilit\u00e9 du locataire de nettoyer les outils avant de les rendre. Par nettoyage des outils, nous entendons le d\u00e9poussi\u00e9rage des scies, l'\u00e9limination de toute salet\u00e9, l'essuyage des perceuses, des rallonges, etc...<\/p><\/div>\t\t\t\t\t\t<\/div>\n\t\t\t\t\t\t\t\t\t\t\t<div class=\"c-ip-accordion__item\">\n\t\t\t\t\t\t\t<a class=\"c-ip-accordion__header js-accordion-title\" href=\"\" onclick=\"return false;\">Est-ce que je re\u00e7ois un tutoriel sur l'utilisation des outils ?<i class=\"ip-right-arrow c-ip-accordion__arrow\"><\/i><\/a>\t\t\t\t\t\t\t<div class=\"c-ip-accordion__content\"><p>Les fonctionnalit\u00e9s de base des outils seront expliqu\u00e9es \u00e0 la livraison. Si vous avez besoin de plus d'informations, nous vous conseillons de consulter des vid\u00e9os et des modes d'emploi en ligne ou de demander l'aide d'une personne qualifi\u00e9e.<\/p><\/div>\t\t\t\t\t\t<\/div>\n\t\t\t\t\t\t\t\t\t\t\t<div class=\"c-ip-accordion__item\">\n\t\t\t\t\t\t\t<a class=\"c-ip-accordion__header js-accordion-title\" href=\"\" onclick=\"return false;\">Que se passe-t-il si je me blesse en utilisant un outil ?<i class=\"ip-right-arrow c-ip-accordion__arrow\"><\/i><\/a>\t\t\t\t\t\t\t<div class=\"c-ip-accordion__content\"><p>Il incombe au locataire de manipuler les outils correctement et en toute s\u00e9curit\u00e9. Nous ne pourrons en aucun cas \u00eatre tenus responsables d'un tel incident. Veuillez vous r\u00e9f\u00e9rer aux termes et conditions du contrat.<\/p><\/div>\t\t\t\t\t\t<\/div>\n\t\t\t\t\t\t\t\t\t\t\t<div class=\"c-ip-accordion__item\">\n\t\t\t\t\t\t\t<a class=\"c-ip-accordion__header js-accordion-title\" href=\"\" onclick=\"return false;\">Annulation et Remboursements<i class=\"ip-right-arrow c-ip-accordion__arrow\"><\/i><\/a>\t\t\t\t\t\t\t<div class=\"c-ip-accordion__content\"><p>Si vous devez annuler votre commande, veuillez soumettre une demande d'annulation \u00e0 tout moment avant les 5 jours pr\u00e9c\u00e9dant la date de livraison. Les frais d'annulation s'\u00e9l\u00e8vent \u00e0 10 % et sont d\u00e9duits du prix total. Il n'y aura pas d'annulation ou de remboursement 5 jours avant la livraison. Veuillez planifier votre projet en cons\u00e9quence.<\/p><\/div>\t\t\t\t\t\t<\/div>\n\t\t\t\t\t\t\t\t\t<\/div>\n\t\t\t<\/div>\n\t\t<\/div>\n\t\t\t\t<\/div>\n\t\t\t\t<\/div>\n\t\t\t\t\t<\/div>\n\t\t<\/div>\n\t\t\t\t\t<\/div>\n\t\t<\/section>\n\t\t\t\t<\/div>","protected":false},"excerpt":{"rendered":"<p>Read FAQ\u2019s Home Will the tools be in working order? Regular maintenance of our tools is essential to ensure their longevity, efficiency, and safety. This includes cleaning, lubricating, sharpening, and replacing parts as needed. Also note that some tools will&hellip;<\/p>","protected":false},"author":1,"featured_media":0,"parent":0,"menu_order":0,"comment_status":"closed","ping_status":"closed","template":"elementor_header_footer","meta":{"footnotes":""},"class_list":["post-1766","page","type-page","status-publish","hentry"],"_links":{"self":[{"href":"https:\/\/diyreno.ca\/fr\/wp-json\/wp\/v2\/pages\/1766","targetHints":{"allow":["GET"]}}],"collection":[{"href":"https:\/\/diyreno.ca\/fr\/wp-json\/wp\/v2\/pages"}],"about":[{"href":"https:\/\/diyreno.ca\/fr\/wp-json\/wp\/v2\/types\/page"}],"author":[{"embeddable":true,"href":"https:\/\/diyreno.ca\/fr\/wp-json\/wp\/v2\/users\/1"}],"replies":[{"embeddable":true,"href":"https:\/\/diyreno.ca\/fr\/wp-json\/wp\/v2\/comments?post=1766"}],"version-history":[{"count":5,"href":"https:\/\/diyreno.ca\/fr\/wp-json\/wp\/v2\/pages\/1766\/revisions"}],"predecessor-version":[{"id":4210,"href":"https:\/\/diyreno.ca\/fr\/wp-json\/wp\/v2\/pages\/1766\/revisions\/4210"}],"wp:attachment":[{"href":"https:\/\/diyreno.ca\/fr\/wp-json\/wp\/v2\/media?parent=1766"}],"curies":[{"name":"wp","href":"https:\/\/api.w.org\/{rel}","templated":true}]}}