{"id":3338,"date":"2024-02-18T02:01:04","date_gmt":"2024-02-18T02:01:04","guid":{"rendered":"https:\/\/diyreno.ca\/?page_id=3338"},"modified":"2024-02-18T14:25:37","modified_gmt":"2024-02-18T14:25:37","slug":"website_usage","status":"publish","type":"page","link":"https:\/\/diyreno.ca\/fr\/website_usage\/","title":{"rendered":"Utilisation du site"},"content":{"rendered":"<div data-elementor-type=\"wp-page\" data-elementor-id=\"3338\" class=\"elementor elementor-3338\">\n\t\t\t\t<div class=\"elementor-element elementor-element-95b701a e-flex e-con-boxed e-con e-parent\" data-id=\"95b701a\" data-element_type=\"container\">\n\t\t\t\t\t<div class=\"e-con-inner\">\n\t\t\t\t<div class=\"elementor-element elementor-element-5a06479 elementor-widget elementor-widget-text-editor\" data-id=\"5a06479\" data-element_type=\"widget\" data-widget_type=\"text-editor.default\">\n\t\t\t\t<div class=\"elementor-widget-container\">\n\t\t\t\t\t\t\t<h3><strong>Utilisation du site<\/strong>\u00a0de ce site <a href=\"https:\/\/diyreno.ca\/fr\/\">diyreno.ca<\/a><\/h3><p>Toute question, commentaire ou demande concernant les pr\u00e9sentes conditions g\u00e9n\u00e9rales doit \u00eatre envoy\u00e9 par courrier \u00e9lectronique \u00e0 l'\u00e9diteur de <a href=\"https:\/\/diyreno.ca\/fr\/\">diyreno.ca<\/a>\u00a0utiliser le\u00a0<a href=\"https:\/\/diyreno.ca\/fr\/contact\/\">contactez-nous<\/a>\u00a0.<\/p><ul><li><a href=\"https:\/\/diyreno.ca\/fr\/website_usage\/#acceptance\">Acceptation par l'utilisateur<\/a><\/li><li><a href=\"https:\/\/diyreno.ca\/fr\/website_usage\/#copyright\">Droits d'auteur et de reproduction<\/a><\/li><li><a href=\"https:\/\/diyreno.ca\/fr\/website_usage\/#prohibited\">Utilisations interdites<\/a><\/li><li><a href=\"https:\/\/diyreno.ca\/fr\/website_usage\/#warranty\">Aucune garantie<\/a><\/li><li><a href=\"https:\/\/diyreno.ca\/fr\/website_usage\/#disclaimer\">Clause de non-responsabilit\u00e9<\/a><\/li><li><a href=\"https:\/\/diyreno.ca\/fr\/website_usage\/#applicable\">Droit applicable<\/a><\/li><\/ul><h2 id=\"acceptance\" class=\"wp-block-heading\">Acceptation par l'utilisateur<\/h2><p>1. Toute personne qui acc\u00e8de \u00e0 ce site web (\" site web de diyreno.ca \") consent, en tant qu'utilisateur, aux conditions d'utilisation \u00e9nonc\u00e9es dans le pr\u00e9sent document et au fait que diyreno.ca se r\u00e9serve le droit de modifier ces conditions de temps \u00e0 autre.<\/p><h2 id=\"copyright\" class=\"wp-block-heading\">Droits d'auteur et de reproduction<\/h2><p>2. <a href=\"https:\/\/diyreno.ca\/fr\/\">diyreno.ca<\/a>\u00a0r\u00e9servent leurs droits de propri\u00e9t\u00e9 intellectuelle sur la conception graphique ainsi que sur la conception des outils de navigation et de recherche du site web. <a href=\"https:\/\/diyreno.ca\/fr\/\">diyreno.ca<\/a>\u00a0.<\/p><p>3. Documents, extraits, articles et diagrammes - publi\u00e9s sur le <a href=\"https:\/\/diyreno.ca\/fr\/\">diyreno.ca<\/a>\u00a0ne peut \u00eatre reproduit et utilis\u00e9 par l'utilisateur par voie \u00e9lectronique ou sur tout autre site web sans l'autorisation de l'autorit\u00e9 comp\u00e9tente. <a href=\"https:\/\/diyreno.ca\/fr\/\">diyreno.ca<\/a>\u00a0et les parties qui en ont autoris\u00e9 l'acc\u00e8s, y compris les hyperliens et les informations fournies dans les en-t\u00eates et les pieds de page.<\/p><p>4 L'utilisation des articles de diyreno.ca peut changer de temps \u00e0 autre en raison des conditions suppl\u00e9mentaires impos\u00e9es par les diff\u00e9rents responsables de leur contenu.<\/p><h2 id=\"prohibited\" class=\"wp-block-heading\">Utilisations interdites<\/h2><p>6. Les utilisations suivantes du <a href=\"https:\/\/diyreno.ca\/fr\/\">diyreno.ca<\/a>\u00a0sont interdites, sauf si l'\u00e9diteur de <a href=\"https:\/\/diyreno.ca\/fr\/\">diyreno.ca<\/a>\u00a0a pr\u00e9alablement donn\u00e9 son accord par \u00e9crit :<\/p><ol><li>Int\u00e9grer des documents publi\u00e9s sur un autre site web en masquant leur origine ou leur source, que ce soit par l'utilisation de proc\u00e9d\u00e9s de cadrage, par la r\u00e9utilisation de proc\u00e9d\u00e9s de cadrage ou par tout autre moyen susceptible de cr\u00e9er une confusion ou d'induire en erreur quant \u00e0 l'origine du mat\u00e9riel du site web <a href=\"https:\/\/diyreno.ca\/fr\/\">diyreno.ca<\/a>.<\/li><li>Le t\u00e9l\u00e9chargement de documents en masse ou de mani\u00e8re syst\u00e9matique, notamment au moyen de programmes informatiques ou, pour plus de clart\u00e9, par l'emploi de personnes charg\u00e9es d'effectuer cette t\u00e2che manuellement.<\/li><\/ol><p>7. <a href=\"https:\/\/diyreno.ca\/fr\/\">diyreno.ca<\/a> se r\u00e9serve le droit, \u00e0 sa discr\u00e9tion et sans pr\u00e9avis, de bloquer l'acc\u00e8s \u00e0 son site web \u00e0 tout utilisateur qui en abuse ou en fait un usage ill\u00e9gal.<\/p><h2 id=\"warranty\" class=\"wp-block-heading\">Aucune garantie<\/h2><p>8. Les informations contenues dans le site diyreno.ca sont donn\u00e9es \u00e0 titre indicatif et ne constituent pas une approbation de quelque nature que ce soit. <a href=\"https:\/\/diyreno.ca\/fr\/\">diyreno.ca<\/a> rejette et exclut toutes les d\u00e9clarations, garanties, obligations et responsabilit\u00e9s, explicites ou implicites, concernant les informations, dans toute la mesure permise par la loi.<\/p><p><a href=\"https:\/\/diyreno.ca\/fr\/\">diyreno.ca <\/a>n'est pas responsable des erreurs ou omissions dans les informations et ne peut en aucun cas \u00eatre tenu responsable envers vous ou un tiers de tout dommage direct, indirect, sp\u00e9cial, accessoire ou cons\u00e9cutif ou de toute autre perte, blessure ou dommage de quelque nature que ce soit caus\u00e9 par l'utilisation ou la confiance accord\u00e9e aux informations contenues dans ce site.<\/p><h2 id=\"disclaimer\" class=\"wp-block-heading\">Clause de non-responsabilit\u00e9<\/h2><p>9. Les documents et articles publi\u00e9s sur le site <a href=\"https:\/\/diyreno.ca\/fr\/\">diyreno.ca<\/a>\u00a0ont \u00e9t\u00e9 compil\u00e9s et pr\u00e9par\u00e9s pour la seule commodit\u00e9 des utilisateurs, \u00e0 des fins d'information uniquement, et ne constituent pas des conseils et astuces pratiques et ne sont pas destin\u00e9s \u00e0 nuire. En particulier, aucun document ou article sur le site <a href=\"https:\/\/diyreno.ca\/fr\/\">diyreno.ca<\/a> ne doit pas \u00eatre consid\u00e9r\u00e9 comme une solution \u00e0 vos projets, une recommandation sur la mani\u00e8re de r\u00e9aliser votre projet ou une r\u00e9ponse sp\u00e9cifique \u00e0 une question li\u00e9e \u00e0 une situation particuli\u00e8re de votre projet. Malgr\u00e9 le soin apport\u00e9 \u00e0 la pr\u00e9paration et \u00e0 la maintenance de son site web, <a href=\"https:\/\/diyreno.ca\/fr\/\">diyreno.ca<\/a>\u00a0ainsi que leurs administrateurs ou autres agents, ne peuvent en aucun cas \u00eatre tenus pour responsables d'un dommage caus\u00e9 directement ou indirectement par l'utilisation du site web <a href=\"https:\/\/diyreno.ca\/fr\/\">diyreno.ca<\/a><a href=\"https:\/\/diyreno.ca\/fr\/\">\u00a0<\/a>ou de son indisponibilit\u00e9.<\/p><h2 id=\"applicable\" class=\"wp-block-heading\">Droit applicable<\/h2><p>10. Utilisation de <a href=\"https:\/\/diyreno.ca\/fr\/\">diyreno.ca<\/a> Le site est r\u00e9gi par les lois f\u00e9d\u00e9rales et provinciales en vigueur dans la province de Qu\u00e9bec, Canada.<\/p>\t\t\t\t\t\t<\/div>\n\t\t\t\t<\/div>\n\t\t\t\t\t<\/div>\n\t\t\t\t<\/div>\n\t\t\t\t<\/div>","protected":false},"excerpt":{"rendered":"<p>Website Usage\u00a0of this site diyreno.ca Any questions, comments or requests relating to these terms and conditions must be sent by email to the publisher of diyreno.ca\u00a0using the\u00a0contact us\u00a0form. Acceptance by the User Copyright and reproduction rights Prohibited uses No warranty&hellip;<\/p>","protected":false},"author":1,"featured_media":0,"parent":0,"menu_order":0,"comment_status":"closed","ping_status":"closed","template":"","meta":{"footnotes":""},"class_list":["post-3338","page","type-page","status-publish","hentry"],"_links":{"self":[{"href":"https:\/\/diyreno.ca\/fr\/wp-json\/wp\/v2\/pages\/3338","targetHints":{"allow":["GET"]}}],"collection":[{"href":"https:\/\/diyreno.ca\/fr\/wp-json\/wp\/v2\/pages"}],"about":[{"href":"https:\/\/diyreno.ca\/fr\/wp-json\/wp\/v2\/types\/page"}],"author":[{"embeddable":true,"href":"https:\/\/diyreno.ca\/fr\/wp-json\/wp\/v2\/users\/1"}],"replies":[{"embeddable":true,"href":"https:\/\/diyreno.ca\/fr\/wp-json\/wp\/v2\/comments?post=3338"}],"version-history":[{"count":43,"href":"https:\/\/diyreno.ca\/fr\/wp-json\/wp\/v2\/pages\/3338\/revisions"}],"predecessor-version":[{"id":3396,"href":"https:\/\/diyreno.ca\/fr\/wp-json\/wp\/v2\/pages\/3338\/revisions\/3396"}],"wp:attachment":[{"href":"https:\/\/diyreno.ca\/fr\/wp-json\/wp\/v2\/media?parent=3338"}],"curies":[{"name":"wp","href":"https:\/\/api.w.org\/{rel}","templated":true}]}}