{"id":90,"date":"2021-03-07T01:04:17","date_gmt":"2021-03-07T01:04:17","guid":{"rendered":"https:\/\/diyreno.ca\/?page_id=90"},"modified":"2024-03-19T10:31:24","modified_gmt":"2024-03-19T10:31:24","slug":"contact","status":"publish","type":"page","link":"https:\/\/diyreno.ca\/fr\/contact\/","title":{"rendered":"Contatez-Nous"},"content":{"rendered":"<div data-elementor-type=\"wp-page\" data-elementor-id=\"90\" class=\"elementor elementor-90\">\n\t\t\t\t\t\t<section class=\"elementor-section elementor-top-section elementor-element elementor-element-9e9b8f3 elementor-section-full_width elementor-section-height-default elementor-section-height-default\" data-id=\"9e9b8f3\" data-element_type=\"section\">\n\t\t\t\t\t\t<div class=\"elementor-container elementor-column-gap-no\">\n\t\t\t\t\t<div class=\"elementor-column elementor-col-100 elementor-top-column elementor-element elementor-element-c3af59d\" data-id=\"c3af59d\" data-element_type=\"column\">\n\t\t\t<div class=\"elementor-widget-wrap elementor-element-populated\">\n\t\t\t\t\t\t<div class=\"elementor-element elementor-element-bb6c91c elementor-widget__width-initial elementor-widget elementor-widget-ideapark-page-header\" data-id=\"bb6c91c\" data-element_type=\"widget\" data-widget_type=\"ideapark-page-header.default\">\n\t\t\t\t<div class=\"elementor-widget-container\">\n\t\t\t\n\t<header\n\t\tclass=\"l-section c-page-header c-page-header--header-type-1\">\n\t\t\t\t<div class=\"c-page-header__shadow\"><\/div>\n\t\t<svg class=\"c-page-header__bar\" xmlns=\"http:\/\/www.w3.org\/2000\/svg\" width=\"488\" height=\"25\" fill=\"inherit\" viewbox=\"0 0 487 25\"><path fill-rule=\"evenodd\" d=\"M474.791 25h-1.664L486.334-.004H488L474.791 25zm-10.222 0l13.21-25.004h1.666L466.235 25h-1.666zm-8.554 0L469.223-.004h1.664L457.68 25h-1.665zm-8.557 0L460.669-.004h1.664L449.123 25h-1.665zm-8.554 0l13.21-25.004h1.666L440.569 25h-1.665zm-8.558 0l13.21-25.004h1.666L432.012 25h-1.666zm-8.554 0l13.21-25.004h1.666L423.457 25h-1.665zm-8.554 0L426.445-.004h1.665L414.903 25h-1.665zm-8.558 0L417.891-.004h1.665L406.345 25h-1.665zm-8.553 0L409.333-.004h1.666L397.791 25h-1.664zm-8.558 0l13.21-25.004h1.665L389.234 25h-1.665zm-8.554 0L392.226-.004h1.665L380.681 25h-1.666zm-8.558 0l13.21-25.004h1.666L372.122 25h-1.665zm-8.553 0l13.21-25.004h1.665L363.569 25h-1.665zm-9.174 0L365.937-.004h1.665L354.394 25h-1.664zm-8.558 0l13.21-25.004h1.666L345.837 25h-1.665zm-8.554 0L348.826-.004h1.664L337.283 25h-1.665zm-8.557 0L340.272-.004h1.664L328.726 25h-1.665zm-8.554 0l13.21-25.004h1.666L320.172 25h-1.665zm-8.559 0L323.159-.004h1.666L311.615 25h-1.667zm-8.553 0l13.21-25.004h1.666L303.06 25h-1.665zm-8.554 0L306.048-.004h1.665L294.506 25h-1.665zm-8.558 0L297.494-.004h1.665L285.948 25h-1.665zm-8.553 0L288.936-.004h1.666L277.394 25h-1.664zm-8.558 0l13.21-25.004h1.665L268.837 25h-1.665zm-8.554 0L271.829-.004h1.665L260.283 25h-1.665zm-8.558 0L263.27-.004h1.666L251.725 25h-1.665zm-8.553 0l13.21-25.004h1.665L243.172 25h-1.665zm-9.886 0L244.828-.004h1.665L233.284 25h-1.663zm-8.559 0L236.273-.004h1.666L224.728 25h-1.666zm-8.554 0L227.716-.004h1.665L216.174 25h-1.666zm-8.556 0l13.21-25.004h1.665L207.617 25h-1.665zm-8.555 0l13.21-25.004h1.666L199.062 25h-1.665zm-8.558 0L202.05-.004h1.665L190.505 25h-1.666zm-8.553 0l13.21-25.004h1.665L181.951 25h-1.665zm-8.555 0L184.939-.004h1.664L173.397 25h-1.666zm-8.557 0L176.385-.004h1.664L164.839 25h-1.665zm-8.554 0L167.827-.004h1.665L156.285 25h-1.665zm-8.558 0l13.21-25.004h1.666L147.728 25h-1.666zm-8.554 0L150.719-.004h1.665L139.174 25h-1.666zm-8.557 0l13.21-25.004h1.666L130.615 25h-1.664zm-8.554 0L133.608-.004h1.664L122.062 25h-1.665zm-9.174 0L124.431-.004h1.665L112.887 25h-1.664zm-8.558 0L115.876-.004h1.666L104.331 25h-1.666zm-8.554 0L107.319-.004h1.665L95.777 25h-1.666zm-8.556 0L98.765-.004h1.665L87.219 25h-1.664zM77 25L90.21-.004h1.666L78.665 25H77zm-8.558 0L81.653-.004h1.665L70.108 25h-1.666zm-8.554 0L73.099-.004h1.665L61.554 25h-1.666zm-8.554 0L64.541-.004h1.665L53 25h-1.666zm-8.557 0L55.988-.004h1.664L44.442 25h-1.665zm-8.554 0L47.43-.004h1.665L35.888 25h-1.665zm-8.558 0L38.875-.004h1.666L27.331 25h-1.666zm-8.554 0L30.322-.004h1.665L18.777 25h-1.666zm-8.557 0L21.764-.004h1.666L10.218 25H8.554zM0 25L13.21-.004h1.665L1.665 25H0z\"\/><\/svg>\t\t<div\n\t\t\tclass=\"c-page-header__wrap\">\n\t\t\t\t\t\t\t\t\t\t\t\t\t\t\t<h1 class=\"l-section__container c-page-header__title\">Contatez-Nous<\/h1>\n\t\t\t\t\t\t\t\t\t\t\t\t\t\t<nav aria-label=\"breadcrumbs\" class=\"rank-math-breadcrumb c-breadcrumbs\"><ul class=\"c-breadcrumbs__list\"><li class=\"c-breadcrumbs__item c-breadcrumbs__item--wc\"><span class=\"last\">Accueil<\/span><\/li><\/ul><\/nav>\t\t\t\n\t\t\t\n\t\t\t\t\t<\/div>\n\t<\/header>\n\t\t<\/div>\n\t\t\t\t<\/div>\n\t\t\t\t\t<\/div>\n\t\t<\/div>\n\t\t\t\t\t<\/div>\n\t\t<\/section>\n\t\t\t\t<section class=\"elementor-section elementor-top-section elementor-element elementor-element-9d60adb elementor-section-boxed elementor-section-height-default elementor-section-height-default\" data-id=\"9d60adb\" data-element_type=\"section\" data-settings=\"{&quot;background_background&quot;:&quot;classic&quot;}\">\n\t\t\t\t\t\t\t<div class=\"elementor-background-overlay\"><\/div>\n\t\t\t\t\t\t\t<div class=\"elementor-container elementor-column-gap-no\">\n\t\t\t\t\t<div class=\"elementor-column elementor-col-100 elementor-top-column elementor-element elementor-element-3ceed0c\" data-id=\"3ceed0c\" data-element_type=\"column\" data-settings=\"{&quot;background_background&quot;:&quot;classic&quot;}\">\n\t\t\t<div class=\"elementor-widget-wrap elementor-element-populated\">\n\t\t\t\t\t\t<div class=\"elementor-element elementor-element-6120e6c elementor-widget elementor-widget-ideapark-heading\" data-id=\"6120e6c\" data-element_type=\"widget\" data-widget_type=\"ideapark-heading.default\">\n\t\t\t\t<div class=\"elementor-widget-container\">\n\t\t\t<div class=\"c-ip-heading c-ip-heading--large c-ip-heading--left c-ip-heading--block-align-center\"><span class=\"c-ip-heading__inner\">Envoyez-nous un message<\/span><div class=\"c-ip-heading__divider c-ip-heading__divider--large\"><i class=\"ip-decor\"><\/i><\/div><\/div>\t\t<\/div>\n\t\t\t\t<\/div>\n\t\t\t\t<div class=\"elementor-element elementor-element-5aa1573 elementor-widget elementor-widget-ideapark-heading\" data-id=\"5aa1573\" data-element_type=\"widget\" data-widget_type=\"ideapark-heading.default\">\n\t\t\t\t<div class=\"elementor-widget-container\">\n\t\t\t<div class=\"c-ip-heading c-ip-heading--default c-ip-heading--left\"><span class=\"c-ip-heading__inner\">Votre adresse \u00e9lectronique ne sera pas publi\u00e9e. Les champs obligatoires sont marqu\u00e9s d'un *<\/span><\/div>\t\t<\/div>\n\t\t\t\t<\/div>\n\t\t\t\t<div class=\"elementor-element elementor-element-8a20699 elementor-widget elementor-widget-text-editor\" data-id=\"8a20699\" data-element_type=\"widget\" data-widget_type=\"text-editor.default\">\n\t\t\t\t<div class=\"elementor-widget-container\">\n\t\t\t\t\t\t\t\n<div class=\"wpcf7 no-js\" id=\"wpcf7-f2163-o1\" lang=\"en-CA\" dir=\"ltr\" data-wpcf7-id=\"2163\">\n<div class=\"screen-reader-response\"><p role=\"status\" aria-live=\"polite\" aria-atomic=\"true\"><\/p> <ul><\/ul><\/div>\n<form action=\"\/fr\/wp-json\/wp\/v2\/pages\/90#wpcf7-f2163-o1\" method=\"post\" class=\"wpcf7-form init\" aria-label=\"Contact form\" novalidate=\"novalidate\" data-status=\"init\" data-trp-original-action=\"\/fr\/wp-json\/wp\/v2\/pages\/90#wpcf7-f2163-o1\">\n<div style=\"display: none;\">\n<input type=\"hidden\" name=\"_wpcf7\" value=\"2163\" \/>\n<input type=\"hidden\" name=\"_wpcf7_version\" value=\"6.0\" \/>\n<input type=\"hidden\" name=\"_wpcf7_locale\" value=\"en_CA\" \/>\n<input type=\"hidden\" name=\"_wpcf7_unit_tag\" value=\"wpcf7-f2163-o1\" \/>\n<input type=\"hidden\" name=\"_wpcf7_container_post\" value=\"0\" \/>\n<input type=\"hidden\" name=\"_wpcf7_posted_data_hash\" value=\"\" \/>\n<input type=\"hidden\" name=\"_wpcf7_recaptcha_response\" value=\"\" \/>\n<\/div>\n<label> *Votre nom\n    <span class=\"wpcf7-form-control-wrap\" data-name=\"your-name\"><input size=\"40\" maxlength=\"400\" class=\"wpcf7-form-control wpcf7-text wpcf7-validates-as-required\" autocomplete=\"name\" aria-required=\"true\" aria-invalid=\"false\" value=\"\" type=\"text\" name=\"your-name\" \/><\/span> <\/label>\n\n<label> *Votre courriel\n    <span class=\"wpcf7-form-control-wrap\" data-name=\"your-email\"><input size=\"40\" maxlength=\"400\" class=\"wpcf7-form-control wpcf7-email wpcf7-validates-as-required wpcf7-text wpcf7-validates-as-email\" autocomplete=\"email\" aria-required=\"true\" aria-invalid=\"false\" value=\"\" type=\"email\" name=\"your-email\" \/><\/span> <\/label>\n\n<label> *Sujet\n    <span class=\"wpcf7-form-control-wrap\" data-name=\"your-subject\"><input size=\"40\" maxlength=\"400\" class=\"wpcf7-form-control wpcf7-text wpcf7-validates-as-required\" aria-required=\"true\" aria-invalid=\"false\" value=\"\" type=\"text\" name=\"your-subject\" \/><\/span> <\/label>\n\n<label> Votre message\n    <span class=\"wpcf7-form-control-wrap\" data-name=\"your-message\"><textarea cols=\"40\" rows=\"10\" maxlength=\"2000\" class=\"wpcf7-form-control wpcf7-textarea\" aria-invalid=\"false\" name=\"your-message\"><\/textarea><\/span> <\/label>\n\n<input class=\"wpcf7-form-control wpcf7-submit has-spinner\" type=\"submit\" value=\"Transmettre\" \/><div class=\"wpcf7-response-output\" aria-hidden=\"true\"><\/div>\n<input type=\"hidden\" name=\"trp-form-language\" value=\"fr\"\/><\/form>\n<\/div>\n\t\t\t\t\t\t<\/div>\n\t\t\t\t<\/div>\n\t\t\t\t\t<\/div>\n\t\t<\/div>\n\t\t\t\t\t<\/div>\n\t\t<\/section>\n\t\t<div class=\"elementor-element elementor-element-4a32973 e-flex e-con-boxed e-con e-parent\" data-id=\"4a32973\" data-element_type=\"container\">\n\t\t\t\t\t<div class=\"e-con-inner\">\n\t\t\t\t<div class=\"elementor-element elementor-element-c458051 elementor-widget elementor-widget-ideapark-heading\" data-id=\"c458051\" data-element_type=\"widget\" data-widget_type=\"ideapark-heading.default\">\n\t\t\t\t<div class=\"elementor-widget-container\">\n\t\t\t<div class=\"c-ip-heading c-ip-heading--medium c-ip-heading--center\"><span class=\"c-ip-heading__inner\">Contactez-nous au 1-888-488-RENO<\/span><div class=\"c-ip-heading__divider c-ip-heading__divider--medium\"><i class=\"ip-decor-right\"><\/i><\/div><\/div>\t\t<\/div>\n\t\t\t\t<\/div>\n\t\t\t\t\t<\/div>\n\t\t\t\t<\/div>\n\t\t\t\t<\/div>","protected":false},"excerpt":{"rendered":"<p>Contact us Send a Message Your email address will not be published. Required fields are marked with * Call us at 1-888-488-RENO<\/p>","protected":false},"author":1,"featured_media":0,"parent":0,"menu_order":0,"comment_status":"closed","ping_status":"closed","template":"elementor_header_footer","meta":{"footnotes":""},"class_list":["post-90","page","type-page","status-publish","hentry"],"_links":{"self":[{"href":"https:\/\/diyreno.ca\/fr\/wp-json\/wp\/v2\/pages\/90","targetHints":{"allow":["GET"]}}],"collection":[{"href":"https:\/\/diyreno.ca\/fr\/wp-json\/wp\/v2\/pages"}],"about":[{"href":"https:\/\/diyreno.ca\/fr\/wp-json\/wp\/v2\/types\/page"}],"author":[{"embeddable":true,"href":"https:\/\/diyreno.ca\/fr\/wp-json\/wp\/v2\/users\/1"}],"replies":[{"embeddable":true,"href":"https:\/\/diyreno.ca\/fr\/wp-json\/wp\/v2\/comments?post=90"}],"version-history":[{"count":37,"href":"https:\/\/diyreno.ca\/fr\/wp-json\/wp\/v2\/pages\/90\/revisions"}],"predecessor-version":[{"id":3712,"href":"https:\/\/diyreno.ca\/fr\/wp-json\/wp\/v2\/pages\/90\/revisions\/3712"}],"wp:attachment":[{"href":"https:\/\/diyreno.ca\/fr\/wp-json\/wp\/v2\/media?parent=90"}],"curies":[{"name":"wp","href":"https:\/\/api.w.org\/{rel}","templated":true}]}}